{"id":599,"date":"2016-04-21T01:50:19","date_gmt":"2016-04-20T23:50:19","guid":{"rendered":"http:\/\/messermacherbedarf.de\/ressourcen\/?page_id=599"},"modified":"2024-08-10T13:46:45","modified_gmt":"2024-08-10T11:46:45","slug":"tipps-zum-schmiedehammer","status":"publish","type":"page","link":"https:\/\/messermacherbedarf.de\/ressourcen\/tipps-zum-schmiedehammer\/","title":{"rendered":"Tipps zum Schmiedehammer"},"content":{"rendered":"<h1><strong><span style=\"font-family: arial,helvetica,sans-serif; font-size: 18pt;\">Schmiedehammer | Schlosserhammer | Kugelhammer<\/span><\/strong><\/h1>\n<p><span style=\"font-family: arial,helvetica,sans-serif; font-size: 14pt;\">Welcher ist jetzt der richtige Hammer f\u00fcr mich?<\/span><\/p>\n<p>&nbsp;<\/p>\n<h2><strong><span style=\"font-family: arial,helvetica,sans-serif; font-size: 14pt;\">Der Schmiedehammer:<\/span><\/strong><\/h2>\n<p><span style=\"font-family: arial,helvetica,sans-serif; font-size: 14pt;\"><a href=\"http:\/\/messermacherbedarf.de\/ressourcen\/wp-content\/uploads\/2016\/04\/Schmiedewerkzeuge05.jpg\"  rel=\"lightbox[599] attachment wp-att-1125\"><img loading=\"lazy\" class=\"alignleft size-medium wp-image-1125\" src=\"http:\/\/messermacherbedarf.de\/ressourcen\/wp-content\/uploads\/2016\/04\/Schmiedewerkzeuge05-300x200.jpg\" alt=\"Schmiedehammer und Schlosserhammer\" width=\"300\" height=\"200\" \/><\/a>Diesen gibt es in unterschiedlichen Formen.\u00a0 Er ist im allgemeinen etwas bauchiger und k\u00fcrzer als der Schlosserhammer. Man bekommt ihn in verschiedenen Gr\u00f6\u00dfen von ca. 1Kg bis zu 3Kg. Die g\u00e4ngigsten Gr\u00f6\u00dfen sind die 1Kg bis 1,5Kg Exemplare. Er ist als Industrieware und als handgefertigtes Einzelst\u00fcck erh\u00e4ltlich.<\/span><\/p>\n<h3><strong><span style=\"font-family: arial,helvetica,sans-serif; font-size: 14pt;\"> Hier k\u00f6nnte man sich die Frage stellen: welchen Schmiedehammer kaufen? \u00a0Doch dazu gibt es weiter unten mehr Infos.<\/span><\/strong><\/h3>\n<p><span style=\"font-family: arial,helvetica,sans-serif; font-size: 14pt;\">Die \u201edeutsche\u201c Form des Schmiedehammers ist dem Schlosserhammer sehr \u00e4hnlich.<\/span><br \/>\n<span style=\"font-family: arial,helvetica,sans-serif; font-size: 14pt;\"> Eine andere Form ist z.B. die \u201eschwedische\u201c Form. Sie hat eine schlanke und relativ spitz ausgeformte Hammerfinne. Die Hammerbahn ist rechteckig im Querschnitt. Insgesamt ist der Hammer keilf\u00f6rmig aufgebaut.<\/span><\/p>\n<p><span style=\"font-family: arial, helvetica, sans-serif; font-size: 14pt;\">In den verschiedenen L\u00e4ndern auf der Welt haben sich unterschiedliche Formen entwickelt. In Japan z.B. findet man eine Hammerform welche einem rechteckigen Stahlblock ohne Hammerfinne \u00e4hnelt. Das Haus (die \u00d6ffnung f\u00fcr den Stiel) sitzt wie beim Kugelhammer stark zu einer Seite hin versetzt. Dadurch bekommt der Hammer eine gute Kraft\u00fcbertragung beim Schlag. (er &#8222;zieht&#8220; gut )<\/span><\/p>\n<p>&nbsp;<\/p>\n<h2><strong><span style=\"font-family: arial,helvetica,sans-serif; font-size: 14pt;\">Der Schlosserhammer:<\/span><\/strong><\/h2>\n<p><span style=\"font-family: arial,helvetica,sans-serif; font-size: 14pt;\">Unter dem Begriff Schlosserhammer\u00a0 ist die in Deutschland wohl bekannteste Hammerform zu finden. Vermutlich nahezu jeder hat solch einen Hammer zu Hause. Es gibt in in verschiedenen<\/span><br \/>\n<span style=\"font-family: arial,helvetica,sans-serif; font-size: 14pt;\"> Gr\u00f6\u00dfen von\u00a0 ein paar hundert Gramm bis hin zu ca. 2Kg. Zum Schmieden am besten geeignet sind die Gr\u00f6\u00dfen zwischen 1Kg und 2Kg. Ab 3Kg spricht man von einem Vorschlaghammer. Er hat einen langen Hammerstiel zum beidh\u00e4ndigen Schlagen.<\/span><\/p>\n<p><span style=\"font-family: arial,helvetica,sans-serif; font-size: 14pt;\">Beim Schmieden wird ein Vorschlaghammer meist von einem Zuschl\u00e4ger benutzt um eine schnellere Verfomung des Werkst\u00fccks zu erzielen wenn z.B. kein Lufthammer zur Verf\u00fcgung steht.<\/span><\/p>\n<p><span style=\"font-family: arial,helvetica,sans-serif; font-size: 14pt;\"><a href=\"http:\/\/messermacherbedarf.de\/ressourcen\/wp-content\/uploads\/2016\/04\/Schlosserhammer-umgearbeitet.jpg\"  rel=\"lightbox[599] attachment wp-att-1123\"><img loading=\"lazy\" class=\"alignleft wp-image-1123 size-medium\" src=\"http:\/\/messermacherbedarf.de\/ressourcen\/wp-content\/uploads\/2016\/04\/Schlosserhammer-umgearbeitet-300x200.jpg\" alt=\"der umgearbeitete Schlosserhammer\" width=\"300\" height=\"200\" \/><\/a>Statt eines Schmiedehammers kann man sich ohne weiteres einen Schlosserhammer umarbeiten. Dazu werden die Kanten der Hammerbahn leicht verrundet um scharfkantige Abdr\u00fccke in der Oberfl\u00e4che des Werkst\u00fccks zu vermeiden. <\/span><\/p>\n<p><span style=\"font-family: arial,helvetica,sans-serif; font-size: 14pt;\">Links im Bild ist die Hammerbahn eines 1,5Kg \u00a0Schlosserhammers zu sehen. Die scharfkantige Fase des Hammer habe ich verschliffen und die Hammerbahn mit einer leichten W\u00f6lbung versehen.<\/span><\/p>\n<p><span style=\"font-family: arial, helvetica, sans-serif; font-size: 14pt;\">So entstehen keine Kerben in der Werkst\u00fcckoberfl\u00e4che. Die Oberfl\u00e4che kann durch \u00dcberschmieden sehr einfach gegl\u00e4ttet werden.<\/span><\/p>\n<p><span style=\"font-family: arial,helvetica,sans-serif; font-size: 14pt;\">Bei Bedarf kann der Hammerstiel etwas gek\u00fcrzt werden. Dadurch wird der Hammer handlicher.<\/span><\/p>\n<p>&nbsp;<\/p>\n<h2><strong><span style=\"font-family: arial,helvetica,sans-serif; font-size: 14pt;\">Der Kugelhammer | Ingenieurhammer:<\/span><\/strong><\/h2>\n<p><span style=\"font-family: arial,helvetica,sans-serif; font-size: 14pt;\"><a href=\"http:\/\/messermacherbedarf.de\/ressourcen\/wp-content\/uploads\/2016\/04\/Schmiedewerkzeuge04.jpg\"  rel=\"lightbox[599] attachment wp-att-1126\"><img loading=\"lazy\" class=\"alignleft size-medium wp-image-1126\" src=\"http:\/\/messermacherbedarf.de\/ressourcen\/wp-content\/uploads\/2016\/04\/Schmiedewerkzeuge04-200x300.jpg\" alt=\"Kugelhammer in verschiedenen Gr\u00f6\u00dfen\" width=\"200\" height=\"300\" \/><\/a>Ist ein meist etwas leichterer Hammertyp. Die Hammerbahn hat einen runden Querschnitt, die Finne ist als Halbkugel ausgeformt.\u00a0 Er ist sehr gut geeignet zum \u201etreiben\u201c und ausschmieden von Klingen. Diesen Hammertyp findet man auch unter dem Begriff \u201eIngenieurhammer\u201c<\/span><\/p>\n<p><span style=\"font-family: arial,helvetica,sans-serif; font-size: 14pt;\">Trotz seines in der Regel etwas geringeren Gewichtes bringt der Hammer\u00a0 eine gute Materialverformung zustande. Das liegt zum guten Teil an seiner Gewichtsverteilung. Der Kugelhammer eignet sich zum ausschmieden von Klingenformen. Besonders d\u00fcnnere Partien wie z.B. der Erl oder die Schneide der Klinge k\u00f6nnen schnell und pr\u00e4zise verformt werden. Rundungen oder Biegungen an Klingen oder anderen Schmiedeobjekten kann ich mit dem Kugelhammer recht einfach ausarbeiten. Grade bei kleinen Werkst\u00fccken kommt man mit den Zangen oft an die Grenze. Selbst die kleinen 30cm Zangen sind dann noch zu gro\u00df. Hier kann es hilfreich sein sich seine eigene kleine Zange zu schmieden, bzw. umzuschmieden.<br \/>\nEine Kleine Anleitung findet sich im Artikel <a href=\"http:\/\/messermacherbedarf.de\/ressourcen\/zange-umschmieden-zur-schmiedezange\/\" target=\"_blank\" rel=\"noopener\">&#8222;Zange umschmieden&#8220;<\/a>.<br \/>\n<\/span><\/p>\n<p><span style=\"font-family: arial,helvetica,sans-serif; font-size: 14pt;\">Zum starken Material verformen wie dem runterschmieden gro\u00dfer Querschnitte ist er nicht so gut geeignet. Hier ist der Schmiedehammer, bzw. der Schlosserhammer die bessere Wahl.<\/span><\/p>\n<p>&nbsp;<\/p>\n<p>&nbsp;<\/p>\n<p>&nbsp;<\/p>\n<p><strong><span style=\"font-family: arial,helvetica,sans-serif; font-size: 14pt;\">Fazit:<\/span><\/strong><\/p>\n<p><span style=\"font-family: arial,helvetica,sans-serif; font-size: 14pt;\">Zum Schmieden empfehle ich diese Hammertypen:<\/span><\/p>\n<h3><strong><span style=\"font-family: arial,helvetica,sans-serif; font-size: 14pt;\">Den Kugelhammer | Ingenieurhammer:<\/span><\/strong><\/h3>\n<h3><span style=\"font-family: arial, helvetica, sans-serif; font-size: 12pt; color: #808080;\"><strong>Welchen Kugelhammer kaufen ?<\/strong><\/span><\/h3>\n<p><span style=\"font-family: arial,helvetica,sans-serif; font-size: 14pt;\">Ein Hammer mit ca. 600Gramm f\u00fcr leichte Arbeiten und einen mit 900Gramm f\u00fcr mittelschwere Arbeiten sollte es schon sein. Mag man sich einen dritten Hammer g\u00f6nnen so sollte das der 1100Gramm schwere Typ sein. Die kleineren Exemplare sind zum Schmieden zu leicht.<br \/>\nGut geeignet zum Ausformen der Klinge, der Formgebung der Angel oder dem d\u00fcnn Ausschmieden der Schneide.<br \/>\n<strong>Tipp: unbedingt kaufen! \u00a0=&gt; <span style=\"color: #0000ff;\"><a style=\"color: #0000ff;\" href=\"http:\/\/messermacherbedarf.de\/ressourcen\/typ\/schmiedehammer\/\" target=\"_blank\" rel=\"noopener\">hier den Kugelhammer ansehen<\/a><\/span><br \/>\n<\/strong><br \/>\n<\/span><\/p>\n<p>&nbsp;<\/p>\n<h3><strong><span style=\"font-family: arial,helvetica,sans-serif; font-size: 14pt;\">Den Schmiedehammer:<\/span><\/strong><\/h3>\n<h3><span style=\"font-family: arial, helvetica, sans-serif; font-size: 12pt; color: #808080;\"><strong>Welchen Schmiedehammer kaufen ?<\/strong><\/span><\/h3>\n<p><span style=\"font-family: arial,helvetica,sans-serif; font-size: 14pt;\">Hier passt ein\u00a0Hammer mit 1Kg und einer\u00a0mit 1,5Kg Gewicht. Damit hat man das meiste abgedeckt. Ob es die &#8222;deutsche&#8220; oder die &#8222;schwedische&#8220; Hammerform wird ist egal. Hier muss jeder seinem pers\u00f6nlichen Geschmack folgen. Zum Schmieden und Formen gut geeignet. Die gr\u00f6\u00dfere Ausf\u00fchrung ist auch f\u00fcr schwerere Arbeiten geeignet.<br \/>\n<strong>Tipp: Kaufen! =&gt; <span style=\"color: #0000ff;\"><a style=\"color: #0000ff;\" href=\"http:\/\/messermacherbedarf.de\/ressourcen\/typ\/schmiedehammer\/\" target=\"_blank\" rel=\"noopener\">hier den Schmiedehammer ansehen<\/a><\/span><\/strong><br \/>\nAlternativ dazu einen Schlosserhammer umarbeiten.<br \/>\n<\/span><\/p>\n<p>&nbsp;<\/p>\n<h3><strong><span style=\"font-family: arial,helvetica,sans-serif; font-size: 14pt;\">Den Schlosserhammer:<\/span><\/strong><\/h3>\n<h3><span style=\"font-family: arial, helvetica, sans-serif; font-size: 12pt; color: #808080;\"><strong>Welchen Schlosserhammer kaufen ?<\/strong><\/span><\/h3>\n<p><span style=\"font-family: arial,helvetica,sans-serif; font-size: 14pt;\">Als Erg\u00e4nzung zum Schmiedehammer eignet sich der 2Kg Hammer sehr gut. Hat man keinen Schmiedehammer kann es auch ein 1Kg und ein 1,5 Kg Schlosserhammer sein. Hier gilt das gleiche wie f\u00fcr den Schmiedehammer. Die 2Kg Version ist f\u00fcr schwere Arbeiten gedacht.<br \/>\n<strong>Tipp Kaufen! \u00a0=&gt; <span style=\"color: #0000ff;\"><a style=\"color: #0000ff;\" href=\"http:\/\/messermacherbedarf.de\/ressourcen\/typ\/schmiedehammer\/\" target=\"_blank\" rel=\"noopener\">hier den Schlosserhammer ansehen<\/a><\/span><\/strong><\/span><\/p>\n<p>&nbsp;<\/p>\n<p><span style=\"font-family: arial,helvetica,sans-serif; font-size: 14pt;\"><br \/>\nDamit hat man von 600Gramm aufw\u00e4rts bis ca. 2Kg alles abgedeckt, ist schon einmal recht gut ausger\u00fcstet und kann nahezu alles schmieden. Andere individuelle Hammerformen oder handgefertigte Einzelst\u00fccke k\u00f6nnen dann bei Bedarf die Palette vervollst\u00e4ndigen.<\/span><\/p>\n<p>&nbsp;<\/p>\n<p>&nbsp;<\/p>\n<p>&nbsp;<\/p>\n<p>&nbsp;<\/p>\n<p>&nbsp;<\/p>\n<p>&nbsp;<\/p>\n<p>&nbsp;<\/p>\n<p>&nbsp;<\/p>\n<p>&nbsp;<\/p>\n<p>&nbsp;<\/p>\n","protected":false},"excerpt":{"rendered":"<p>Schmiedehammer | Schlosserhammer | Kugelhammer Welcher ist jetzt der richtige Hammer f\u00fcr mich? &nbsp; Der Schmiedehammer: Diesen gibt es in unterschiedlichen Formen.\u00a0 Er ist im allgemeinen etwas bauchiger und k\u00fcrzer als der Schlosserhammer. Man bekommt ihn in verschiedenen Gr\u00f6\u00dfen von ca. 1Kg bis zu 3Kg. Die g\u00e4ngigsten Gr\u00f6\u00dfen sind die 1Kg bis 1,5Kg Exemplare. Er [&hellip;]<\/p>\n","protected":false},"author":1,"featured_media":0,"parent":0,"menu_order":0,"comment_status":"closed","ping_status":"closed","template":"template-sidebar_rechts.php","meta":[],"yst_prominent_words":[],"_links":{"self":[{"href":"https:\/\/messermacherbedarf.de\/ressourcen\/wp-json\/wp\/v2\/pages\/599"}],"collection":[{"href":"https:\/\/messermacherbedarf.de\/ressourcen\/wp-json\/wp\/v2\/pages"}],"about":[{"href":"https:\/\/messermacherbedarf.de\/ressourcen\/wp-json\/wp\/v2\/types\/page"}],"author":[{"embeddable":true,"href":"https:\/\/messermacherbedarf.de\/ressourcen\/wp-json\/wp\/v2\/users\/1"}],"replies":[{"embeddable":true,"href":"https:\/\/messermacherbedarf.de\/ressourcen\/wp-json\/wp\/v2\/comments?post=599"}],"version-history":[{"count":10,"href":"https:\/\/messermacherbedarf.de\/ressourcen\/wp-json\/wp\/v2\/pages\/599\/revisions"}],"predecessor-version":[{"id":1652,"href":"https:\/\/messermacherbedarf.de\/ressourcen\/wp-json\/wp\/v2\/pages\/599\/revisions\/1652"}],"wp:attachment":[{"href":"https:\/\/messermacherbedarf.de\/ressourcen\/wp-json\/wp\/v2\/media?parent=599"}],"wp:term":[{"taxonomy":"yst_prominent_words","embeddable":true,"href":"https:\/\/messermacherbedarf.de\/ressourcen\/wp-json\/wp\/v2\/yst_prominent_words?post=599"}],"curies":[{"name":"wp","href":"https:\/\/api.w.org\/{rel}","templated":true}]}}