{"id":767,"date":"2016-04-29T01:39:47","date_gmt":"2016-04-28T23:39:47","guid":{"rendered":"http:\/\/messermacherbedarf.de\/ressourcen\/?page_id=767"},"modified":"2021-11-18T09:33:33","modified_gmt":"2021-11-18T08:33:33","slug":"lederschuerze-schweisserschuerze-schmiedeschuerze","status":"publish","type":"page","link":"https:\/\/messermacherbedarf.de\/ressourcen\/lederschuerze-schweisserschuerze-schmiedeschuerze\/","title":{"rendered":"Ledersch\u00fcrze | Schwei\u00dfersch\u00fcrze | Schmiedesch\u00fcrze"},"content":{"rendered":"\n<h1><span style=\"font-size: 18pt;\"><strong><span style=\"font-family: arial, helvetica, sans-serif;\">Schmiedesch\u00fcrze, Schwei\u00dfersch\u00fcrze oder eine Ledersch\u00fcrze<\/span><\/strong><\/span><\/h1>\n\n\n\n<p><strong><span style=\"font-family: arial, helvetica, sans-serif; font-size: 14pt;\">Wozu braucht man Sie ?<\/span><\/strong><\/p>\n\n\n\n<p><span style=\"font-family: arial, helvetica, sans-serif; font-size: 14pt;\">Eine Ledersch\u00fcrze, sei es eine Schwei\u00dfersch\u00fcrze oder eine Schmiedesch\u00fcrze braucht man immer dann wenn man die Arbeitskleidung vor Hitze oder Funkenflug sch\u00fctzen will. Das ist beim Schwei\u00dfen mit dem Elektroschwei\u00dfger\u00e4t, beim Schmieden oder z.B. beim Arbeiten mit dem Winkelschleifer der Fall.<\/span><\/p>\n\n\n\n<ul><li><strong><span style=\"font-family: arial, helvetica, sans-serif; font-size: 14pt;\">Was ist der Unterschied zwischen einer Schwei\u00dfersch\u00fcrze und einer Schmiedesch\u00fcrze?&nbsp;<\/span><\/strong><\/li><li><strong><span style=\"font-family: arial, helvetica, sans-serif; font-size: 14pt;\">Muss es&nbsp;zum Schmieden&nbsp;eine Ledersch\u00fcrze sein oder gen\u00fcgt auch eine Sch\u00fcrze aus anderem Material ?<\/span><\/strong><\/li><\/ul>\n\n\n\n<h2><span style=\"font-size: 18pt;\"><strong><span style=\"font-family: arial, helvetica, sans-serif;\">Ledersch\u00fcrzen aus Spaltleder oder aus Vollleder ?<\/span><\/strong><\/span><\/h2>\n\n\n\n<p><span style=\"font-family: arial, helvetica, sans-serif; font-size: 14pt;\">Schwei\u00dfersch\u00fcrzen in der preiswerten Ausf\u00fchrung werden oft aus Spaltleder gefertigt. Sie haben eine Dicke von ca. 1,5 bis 2mm sind meist grau und haben eine rauhe Oberfl\u00e4che.<\/span><\/p>\n\n\n\n<p><span style=\"font-family: arial, helvetica, sans-serif; font-size: 14pt;\">Ihnen fehlt die glatte Oberhaut des Leders. Schwei\u00dfersch\u00fcrzen sind zum Schmieden, Schwei\u00dfen oder f\u00fcr andere Arbeiten wie z.B. Anwendungen mit dem Winkelschleifer geeignet. Das Leder h\u00e4lt Funken vom Schwei\u00dfen, schleifen oder Schlackepartikel von der Kleidung fern. Auch vor Hitze sch\u00fctzt sie in gewissem Umfang.<\/span><\/p>\n\n\n\n<p><span style=\"font-family: arial, helvetica, sans-serif; font-size: 14pt;\">Beim Arbeiten mit dem <a href=\"http:\/\/messermacherbedarf.de\/ressourcen\/typ\/winkelschleifer\/\" target=\"_blank\" rel=\"noopener\">Winkelschleifer<\/a> sollte man darauf achten, das der &#8222;Funkenstrahl&#8220; nicht l\u00e4ngere Zeit auf die selbe Stelle trifft. Das f\u00fchrt zum verschmoren der Sch\u00fcrze. &nbsp;Hohe Hitzeeinwirkung \u00fcber l\u00e4ngere Zeit auf eine Stelle kann dazu f\u00fchren , das die Sch\u00fcrze sich zusammenzieht, sowie hart und br\u00fcchig wird. Das einfetten mit Lederfett kann das Leder geschmeidig halten. Preislich liegen die preiswerten Schwei\u00dfersch\u00fcrzen um die 15,- bis 25,- \u20ac. Es sind auch noch g\u00fcnstigere Sch\u00fcrzen erh\u00e4ltlich. Der allzu g\u00fcnstige Preis geht dann aber oft zu lasten der Lederqualit\u00e4t oder die Lederriemen sind recht d\u00fcnn und instabil.<\/span><\/p>\n\n\n\n<h3><span style=\"font-size: 18pt;\"><strong><span style=\"font-family: arial, helvetica, sans-serif;\">Ledersch\u00fcrzen aus Vollleder.<\/span><\/strong><\/span><\/h3>\n\n\n\n<p><span style=\"font-family: arial, helvetica, sans-serif; font-size: 14pt;\">Diese Sch\u00fcrzen aus der ganzen Haut gefertigt. Sie besitzen die glatte Oberhaut des Leders und sind meist etwas dicker als Sch\u00fcrzen aus Spaltleder. Dadurch sind diese Sch\u00fcrzen auch stabiler und langlebiger als die <a href=\"http:\/\/messermacherbedarf.de\/ressourcen\/typ\/schmiedeschuerze-schweisserschuerze\/\" target=\"_blank\" rel=\"noopener\">Schwei\u00dfersch\u00fcrzen<\/a>, aber auch schwerer. Schmiedesch\u00fcrzen im h\u00f6heren Preissegment werden oft aus Vollleder gefertigt. Preislich liegen sie im Bereich ab ca. 50,- \u20ac bis \u00fcber 100,- \u20ac. Es gibt <a href=\"http:\/\/messermacherbedarf.de\/ressourcen\/typ\/schmiedeschuerze-schweisserschuerze\/\" target=\"_blank\" rel=\"noopener\">Schmiedesch\u00fcrzen<\/a> als Voll Sch\u00fcrzen mit den Ma\u00dfen von ca. 100cm &nbsp;x &nbsp;80cm (Vollsch\u00fcrzen) Diese werden mit den Trageriemen \u00fcber die Schulter getragen und decken der K\u00f6rper vom Brustbereich bis hin zu den Knien ab. Es gibt sie mit aufgesetzten Taschen &nbsp;zum verstauen von Werkzeugen. Ebenso erh\u00e4ltlich sind Halbsch\u00fcrzen die nur um die H\u00fcfte gebunden werden.<\/span><\/p>\n\n\n\n<p><span style=\"font-family: arial, helvetica, sans-serif; font-size: 14pt;\">Der Oberk\u00f6rper bleibt hierbei ungesch\u00fctzt. Eine Halbsch\u00fcrze gew\u00e4hrt aber eine etwas gr\u00f6\u00dfere Bewegungsfreiheit.<\/span><\/p>\n\n\n\n<h3><span style=\"font-size: 18pt;\"><strong><span style=\"font-family: arial, helvetica, sans-serif;\">Ledersch\u00fcrzen oder Sch\u00fcrzen aus Stoff ?<\/span><\/strong><\/span><\/h3>\n\n\n\n<p><span style=\"font-family: arial, helvetica, sans-serif; font-size: 14pt;\">Beim Schmieden sollte es auf jeden Fall eine Ledersch\u00fcrze sein. Solche aus Stoff bieten nicht gen\u00fcgend Schutz vor Funken und Schlackepartikel. &nbsp;Die Erfahrung hat gezeigt das Leder der Belastung noch am besten standh\u00e4lt.<\/span><\/p>\n\n\n\n<p><span style=\"font-size: 18pt;\"><strong><span style=\"font-family: arial, helvetica, sans-serif;\">Zusammenfassung:<\/span><\/strong><\/span><\/p>\n\n\n\n<p><span style=\"font-family: arial, helvetica, sans-serif; font-size: 14pt;\">Sch\u00fcrzen aus Stoffen kommen nicht in Frage. Eine Halbsch\u00fcrze kann funktionieren, ich selbst bevorzuge allerdings eine Vollsch\u00fcrze. Diese sch\u00fctzt den K\u00f6rper und die Arbeitskleidung am besten. Preiswerte Schwei\u00dfersch\u00fcrzen erf\u00fcllen ihren Zweck in der Regel ebenso gut wie um ein mehrfaches teurere Sch\u00fcrzen, haben aber eine k\u00fcrzere Lebensdauer. Teure Sch\u00fcrzen findet man oft mit unter der Bezeichnung <a href=\"http:\/\/messermacherbedarf.de\/ressourcen\/typ\/schmiedeschuerze-schweisserschuerze\/\" target=\"_blank\" rel=\"noopener\">Schmiedesch\u00fcrze<\/a>. Sie halten durchaus l\u00e4nger als die preisg\u00fcnstige Variante, sehen besser aus und sind auch stabiler. Ihre Qualit\u00e4t ist eindeutig h\u00f6her.<\/span><\/p>\n\n\n\n<p><span style=\"font-family: arial, helvetica, sans-serif; font-size: 14pt;\">Arbeitet man aber oft mit dem Winkelschleifer besteht die Gefahr das der Funkenflug das Leder verbrennt. Das passiert bei den preiswerten und den teuren Sch\u00fcrzen. Insofern ist in diesem Fall evtl. die preiswerte Sch\u00fcrze die bessere Wahl. Dieses Problem hat man beim Schmieden nicht. Schlackepartikel treten nicht so massiv auf wie &#8222;Flexfunken&#8220;. Die reine Hitzebelastung k\u00f6nnen Schmiedesch\u00fcrzen mit etwas Lederpflege sehr lange Zeit aushalten.<\/span><\/p>\n\n\n\n<p><span style=\"font-family: arial, helvetica, sans-serif; font-size: 14pt;\">M\u00f6chte man sich eine teure Sch\u00fcrze g\u00f6nnen an der man Jahrelang Freude hat, so empfielt es sich zus\u00e4tzlich ca. 20,- \u20ac f\u00fcr eine preiswerte <a href=\"http:\/\/messermacherbedarf.de\/ressourcen\/typ\/schmiedeschuerze-schweisserschuerze\/\" target=\"_blank\" rel=\"noopener\">Schwei\u00dfersch\u00fcrze<\/a> zu &nbsp;investieren f\u00fcr Arbeiten mit dem Winkelschleifer oder dem Schwei\u00dfger\u00e4t.<\/span><\/p>\n","protected":false},"excerpt":{"rendered":"<p>Schmiedesch\u00fcrze, Schwei\u00dfersch\u00fcrze oder eine Ledersch\u00fcrze Wozu braucht man Sie ? Eine Ledersch\u00fcrze, sei es eine Schwei\u00dfersch\u00fcrze oder eine Schmiedesch\u00fcrze braucht man immer dann wenn man die Arbeitskleidung vor Hitze oder Funkenflug sch\u00fctzen will. Das ist beim Schwei\u00dfen mit dem Elektroschwei\u00dfger\u00e4t, beim Schmieden oder z.B. beim Arbeiten mit dem Winkelschleifer der Fall. Was ist der Unterschied [&hellip;]<\/p>\n","protected":false},"author":1,"featured_media":0,"parent":0,"menu_order":0,"comment_status":"closed","ping_status":"closed","template":"","meta":[],"yst_prominent_words":[],"_links":{"self":[{"href":"https:\/\/messermacherbedarf.de\/ressourcen\/wp-json\/wp\/v2\/pages\/767"}],"collection":[{"href":"https:\/\/messermacherbedarf.de\/ressourcen\/wp-json\/wp\/v2\/pages"}],"about":[{"href":"https:\/\/messermacherbedarf.de\/ressourcen\/wp-json\/wp\/v2\/types\/page"}],"author":[{"embeddable":true,"href":"https:\/\/messermacherbedarf.de\/ressourcen\/wp-json\/wp\/v2\/users\/1"}],"replies":[{"embeddable":true,"href":"https:\/\/messermacherbedarf.de\/ressourcen\/wp-json\/wp\/v2\/comments?post=767"}],"version-history":[{"count":11,"href":"https:\/\/messermacherbedarf.de\/ressourcen\/wp-json\/wp\/v2\/pages\/767\/revisions"}],"predecessor-version":[{"id":1597,"href":"https:\/\/messermacherbedarf.de\/ressourcen\/wp-json\/wp\/v2\/pages\/767\/revisions\/1597"}],"wp:attachment":[{"href":"https:\/\/messermacherbedarf.de\/ressourcen\/wp-json\/wp\/v2\/media?parent=767"}],"wp:term":[{"taxonomy":"yst_prominent_words","embeddable":true,"href":"https:\/\/messermacherbedarf.de\/ressourcen\/wp-json\/wp\/v2\/yst_prominent_words?post=767"}],"curies":[{"name":"wp","href":"https:\/\/api.w.org\/{rel}","templated":true}]}}